{"id":84822,"date":"2024-09-18T12:32:05","date_gmt":"2024-09-18T09:32:05","guid":{"rendered":"https:\/\/afam.md\/cotizatia-de-aderare\/"},"modified":"2025-05-23T13:39:05","modified_gmt":"2025-05-23T10:39:05","slug":"cotizatia-de-aderare","status":"publish","type":"page","link":"https:\/\/afam.md\/en\/cotizatia-de-aderare\/","title":{"rendered":"Membership fee"},"content":{"rendered":"<div data-elementor-type=\"wp-page\" data-elementor-id=\"84822\" class=\"elementor elementor-84822\" data-elementor-post-type=\"page\">\n\t\t\t\t<div class=\"elementor-element elementor-element-5a0b9b9 e-flex e-con-boxed e-con e-parent\" data-id=\"5a0b9b9\" data-element_type=\"container\">\n\t\t\t\t\t<div class=\"e-con-inner\">\n\t\t<div class=\"elementor-element elementor-element-a27318c e-con-full e-flex e-con e-child\" data-id=\"a27318c\" data-element_type=\"container\">\n\t\t<div class=\"elementor-element elementor-element-1b9ff80 e-con-full e-flex e-con e-child\" data-id=\"1b9ff80\" data-element_type=\"container\">\n\t\t\t\t<div class=\"elementor-element elementor-element-97b1a65 elementor-widget elementor-widget-heading\" data-id=\"97b1a65\" data-element_type=\"widget\" data-widget_type=\"heading.default\">\n\t\t\t\t<div class=\"elementor-widget-container\">\n\t\t\t\t\t<h3 class=\"elementor-heading-title elementor-size-default\">Membership Entry Fee and Annual Contribution<\/h3>\t\t\t\t<\/div>\n\t\t\t\t<\/div>\n\t\t\t\t<div class=\"elementor-element elementor-element-28dfaf4 elementor-widget elementor-widget-text-editor\" data-id=\"28dfaf4\" data-element_type=\"widget\" data-widget_type=\"text-editor.default\">\n\t\t\t\t<div class=\"elementor-widget-container\">\n\t\t\t\t\t\t\t\t\t<p>The entry fee \u2013 200 MDL \u2013 is paid once upon joining the association, and the membership contribution is paid annually.<br \/>Within 30 days, you pay the membership fee and the one-time entry fee. During this period, you are invited and have access to AFAM activities.<\/p>\t\t\t\t\t\t\t\t<\/div>\n\t\t\t\t<\/div>\n\t\t\t\t<\/div>\n\t\t<div class=\"elementor-element elementor-element-b693641 e-con-full e-flex elementor-invisible e-con e-child\" data-id=\"b693641\" data-element_type=\"container\" data-settings=\"{&quot;animation&quot;:&quot;fadeIn&quot;}\">\n\t\t<div class=\"elementor-element elementor-element-02c3793 e-con-full e-flex e-con e-child\" data-id=\"02c3793\" data-element_type=\"container\">\n\t\t<div class=\"elementor-element elementor-element-018d276 e-con-full e-flex e-con e-child\" data-id=\"018d276\" data-element_type=\"container\">\n\t\t\t\t<div data-dce-advanced-background-color=\"#FFFFFF\" class=\"elementor-element elementor-element-b2a61b6 elementor-widget-tablet__width-initial elementor-widget-mobile__width-inherit elementor-widget__width-inherit elementor-view-default elementor-invisible elementor-widget elementor-widget-litho-price-table\" data-id=\"b2a61b6\" data-element_type=\"widget\" data-settings=\"{&quot;_animation&quot;:&quot;fadeInRight&quot;,&quot;_animation_delay&quot;:600,&quot;litho_price_table_styles&quot;:&quot;price-table-style-1&quot;}\" data-widget_type=\"litho-price-table.default\">\n\t\t\t\t<div class=\"elementor-widget-container\">\n\t\t\t\t\t\t\t\t<div class=\"pricing-table price-table-style-1\">\n\t\t\t\t\t\t\t\t\t<div class=\"pricing-header\">\n\t\t\t\t\t\t\t\t\t\t\t\t\t\t\t\t\t\t\t\t\t\t\t\t\t\t\t\t\t\t\t<div class=\"subtitle\">BASIC<\/div>\n\t\t\t\t\t\t\t\t\t\t\t\t\t\t\t\t\t\t\t<h3 class=\"price\">5000 MDL <\/h3>\n\t\t\t\t\t\t\t\t\t\t\t\t\t\t\t\t\t\t\t<span class=\"duration\">Valid for Chisinau. For Regions: 3000 MDL | Year<\/span>\n\t\t\t\t\t\t\t\t\t\t\t<\/div>\n\t\t\t\t\t\t\t\t\t\t\t\t\t<div class=\"pricing-body\"><style>\n.scroll-box {\n  max-height: 290px;\n  overflow-y: auto;\n  font-size: 14px;\n  line-height: 1.6;\n  padding-right: 10px;\n}\n\n\/* \u0421\u0442\u0438\u043b\u0438\u0437\u0430\u0446\u0438\u044f \u0441\u043a\u0440\u043e\u043b\u043b\u0431\u0430\u0440\u0430 \u0434\u043b\u044f WebKit-\u0431\u0440\u0430\u0443\u0437\u0435\u0440\u043e\u0432 *\/\n.scroll-box::-webkit-scrollbar {\n  width: 6px;\n}\n\n.scroll-box::-webkit-scrollbar-track {\n  background: transparent;\n}\n\n.scroll-box::-webkit-scrollbar-thumb {\n  background-color: #ccc;\n  border-radius: 4px;\n}\n\n\/* Firefox *\/\n.scroll-box {\n  scrollbar-width: thin;\n  scrollbar-color: #ccc transparent;\n}\n<\/style>\n\n<div class=\"scroll-box\">\n  <ul style=\"padding-left: 20px; margin: 0;\">\n    <li>Access to AFAM thematic meetings<\/li>\n    <li>Meetings with officials<\/li>\n    <li>Drafting position letters related to areas of common interest<\/li>\n    <li>Participation in workshops with national and international experts<\/li>\n    <li>Participation in exhibitions at AFAM and partner events<\/li>\n    <li>Participation in the AFAM Catalog<\/li>\n    <li>Making contacts and business networking<\/li>\n  <\/ul>\n<\/div><\/div>\n\t\t\t\t\t\t\t\t<div class=\"pricing-footer\">\n\t\t\t\t\t<div class=\"elementor-button-wrapper litho-button-wrapper\">\n\t\t\t\t\t<a href=\"https:\/\/afam.md\/en\/cererea-de-aderare\/\" class=\"elementor-button litho_primary_button elementor-size-md\" role=\"button\">\t\t\t<span class=\"elementor-button-content-wrapper\">\n\t\t\t\t\t\t\t\t\t\t\t\t\t<span class=\"elementor-button-text\">Apply<\/span>\n\t\t\t\t\t\t\t<\/span>\n\t\t\t<\/a>\n\t\t\t\t<\/div>\t\t\t\t<\/div>\n\t\t\t<\/div>\n\t\t\t\t\t\t\t<\/div>\n\t\t\t\t<\/div>\n\t\t\t\t<\/div>\n\t\t<div class=\"elementor-element elementor-element-8c76ae7 e-con-full e-flex e-con e-child\" data-id=\"8c76ae7\" data-element_type=\"container\">\n\t\t\t\t<div data-dce-advanced-background-color=\"#FFFFFF\" class=\"elementor-element elementor-element-9aa0e54 elementor-widget-tablet__width-initial elementor-widget-mobile__width-inherit elementor-widget__width-inherit elementor-view-default elementor-invisible elementor-widget elementor-widget-litho-price-table\" data-id=\"9aa0e54\" data-element_type=\"widget\" data-settings=\"{&quot;_animation&quot;:&quot;fadeInUp&quot;,&quot;litho_price_table_styles&quot;:&quot;price-table-style-1&quot;}\" data-widget_type=\"litho-price-table.default\">\n\t\t\t\t<div class=\"elementor-widget-container\">\n\t\t\t\t\t\t\t\t<div class=\"pricing-table price-table-style-1\">\n\t\t\t\t\t\t\t\t\t<div class=\"pricing-header\">\n\t\t\t\t\t\t\t\t\t\t\t\t\t\t\t\t\t\t\t\t\t\t\t\t\t\t\t\t\t\t\t<div class=\"subtitle\">SILVER<\/div>\n\t\t\t\t\t\t\t\t\t\t\t\t\t\t\t\t\t\t\t<h3 class=\"price\">15 000 MDL<\/h3>\n\t\t\t\t\t\t\t\t\t\t\t\t\t\t\t\t\t\t\t<span class=\"duration\">Valid for Chisinau and Regions | Year<\/span>\n\t\t\t\t\t\t\t\t\t\t\t<\/div>\n\t\t\t\t\t\t\t\t\t\t\t\t\t<div class=\"pricing-body\"><ul><li>All benefits from the package <strong data-start=\"1143\" data-end=\"1152\">Basic<\/strong><\/li><li>Visibility of the company logo at events and on the website<\/li><li>1 free event at GLIA Impact HUB (small hall)<\/li><li>1 reels with company promotion<\/li><\/ul><\/div>\n\t\t\t\t\t\t\t\t<div class=\"pricing-footer\">\n\t\t\t\t\t<div class=\"elementor-button-wrapper litho-button-wrapper\">\n\t\t\t\t\t<a href=\"https:\/\/afam.md\/en\/cererea-de-aderare\/\" class=\"elementor-button litho_primary_button elementor-size-md\" role=\"button\">\t\t\t<span class=\"elementor-button-content-wrapper\">\n\t\t\t\t\t\t\t\t\t\t\t\t\t<span class=\"elementor-button-text\">Apply<\/span>\n\t\t\t\t\t\t\t<\/span>\n\t\t\t<\/a>\n\t\t\t\t<\/div>\t\t\t\t<\/div>\n\t\t\t<\/div>\n\t\t\t\t\t\t\t<\/div>\n\t\t\t\t<\/div>\n\t\t\t\t<\/div>\n\t\t<div class=\"elementor-element elementor-element-6d5486f e-con-full e-flex e-con e-child\" data-id=\"6d5486f\" data-element_type=\"container\">\n\t\t\t\t<div data-dce-advanced-background-color=\"#FFFFFF\" class=\"elementor-element elementor-element-a95316b elementor-widget-tablet__width-initial elementor-widget-mobile__width-inherit elementor-widget__width-inherit elementor-view-default elementor-invisible elementor-widget elementor-widget-litho-price-table\" data-id=\"a95316b\" data-element_type=\"widget\" data-settings=\"{&quot;_animation&quot;:&quot;fadeInLeft&quot;,&quot;_animation_delay&quot;:600,&quot;litho_price_table_styles&quot;:&quot;price-table-style-1&quot;}\" data-widget_type=\"litho-price-table.default\">\n\t\t\t\t<div class=\"elementor-widget-container\">\n\t\t\t\t\t\t\t\t<div class=\"pricing-table price-table-style-1\">\n\t\t\t\t\t\t\t\t\t<div class=\"pricing-header\">\n\t\t\t\t\t\t\t\t\t\t\t\t\t\t\t\t\t\t\t\t\t\t\t\t\t\t\t\t\t\t\t<div class=\"subtitle\">GOLD<\/div>\n\t\t\t\t\t\t\t\t\t\t\t\t\t\t\t\t\t\t\t<h3 class=\"price\">25 000 MDL<\/h3>\n\t\t\t\t\t\t\t\t\t\t\t\t\t\t\t\t\t\t\t<span class=\"duration\">Valid for Chisinau and Regions | Year<\/span>\n\t\t\t\t\t\t\t\t\t\t\t<\/div>\n\t\t\t\t\t\t\t\t\t\t\t\t\t<div class=\"pricing-body\"><ul><li>All benefits from the package <strong data-start=\"1481\" data-end=\"1491\">Silver<\/strong><\/li><li>1 free event at GLIA Impact HUB (large hall)<\/li><li>1 common event with the company<\/li><li>Company logo at the bottom of all AFAM exit letters<\/li><\/ul><\/div>\n\t\t\t\t\t\t\t\t<div class=\"pricing-footer\">\n\t\t\t\t\t<div class=\"elementor-button-wrapper litho-button-wrapper\">\n\t\t\t\t\t<a href=\"https:\/\/afam.md\/en\/cererea-de-aderare\/\" class=\"elementor-button litho_primary_button elementor-size-md\" role=\"button\">\t\t\t<span class=\"elementor-button-content-wrapper\">\n\t\t\t\t\t\t\t\t\t\t\t\t\t<span class=\"elementor-button-text\">Apply<\/span>\n\t\t\t\t\t\t\t<\/span>\n\t\t\t<\/a>\n\t\t\t\t<\/div>\t\t\t\t<\/div>\n\t\t\t<\/div>\n\t\t\t\t\t\t\t<\/div>\n\t\t\t\t<\/div>\n\t\t\t\t<\/div>\n\t\t<div class=\"elementor-element elementor-element-d57ec02 e-con-full elementor-hidden-desktop elementor-hidden-laptop elementor-hidden-tablet_extra elementor-hidden-tablet elementor-hidden-mobile_extra elementor-hidden-mobile e-flex e-con e-child\" data-id=\"d57ec02\" data-element_type=\"container\">\n\t\t\t\t<div data-dce-advanced-background-color=\"#FFFFFF\" class=\"elementor-element elementor-element-f388e31 elementor-widget-tablet__width-initial elementor-widget-mobile__width-inherit elementor-widget__width-inherit elementor-view-default elementor-invisible elementor-widget elementor-widget-litho-price-table\" data-id=\"f388e31\" data-element_type=\"widget\" data-settings=\"{&quot;litho_price_table_styles&quot;:&quot;price-table-style-3&quot;,&quot;_animation&quot;:&quot;fadeInLeft&quot;,&quot;_animation_delay&quot;:500}\" data-widget_type=\"litho-price-table.default\">\n\t\t\t\t<div class=\"elementor-widget-container\">\n\t\t\t\t\t\t\t\t<div class=\"pricing-table price-table-style-3\">\n\t\t\t\t\t\t\t\t\t<div class=\"pricing-header\">\n\t\t\t\t\t\t\t\t\t\t\t\t\t\t\t\t\t\t\t\t\t\t\t\t\t\t\t\t\t\t\t<div class=\"subtitle\">GOLD<\/div>\n\t\t\t\t\t\t\t\t\t\t\t\t\t\t\t\t\t\t\t<h3 class=\"price\">25 000 MDL<\/h3>\n\t\t\t\t\t\t\t\t\t\t\t\t\t\t\t\t\t\t\t<span class=\"duration\">PER YEAR<\/span>\n\t\t\t\t\t\t\t\t\t\t\t<\/div>\n\t\t\t\t\t\t\t\t\t\t\t\t\t<div class=\"pricing-body\"><ul><li>All benefits from the package <strong data-start=\"1481\" data-end=\"1491\">Silver<\/strong><\/li><li>1 free event at GLIA Impact HUB (large hall)<\/li><li>1 common event with the company<\/li><li>Company logo at the bottom of all AFAM exit letters<\/li><\/ul><\/div>\n\t\t\t\t\t\t\t\t<div class=\"pricing-footer\">\n\t\t\t\t\t<div class=\"elementor-button-wrapper litho-button-wrapper\">\n\t\t\t\t\t<a class=\"elementor-button litho_primary_button elementor-size-md\" role=\"button\">\t\t\t<span class=\"elementor-button-content-wrapper\">\n\t\t\t\t\t\t\t\t\t\t\t\t\t<span class=\"elementor-button-text\">Apply<\/span>\n\t\t\t\t\t\t\t<\/span>\n\t\t\t<\/a>\n\t\t\t\t<\/div>\t\t\t\t<\/div>\n\t\t\t<\/div>\n\t\t\t\t\t\t\t<\/div>\n\t\t\t\t<\/div>\n\t\t\t\t<\/div>\n\t\t\t\t<\/div>\n\t\t\t\t<\/div>\n\t\t\t\t<\/div>\n\t\t\t\t\t<\/div>\n\t\t\t\t<\/div>\n\t\t\t\t<\/div>","protected":false},"excerpt":{"rendered":"<p>Taxa \u0219i cotiza\u021bia de aderare Taxa de aderare &#8211; 200 MDL\u00a0se achit\u0103 o singur\u0103 dat\u0103 la aderarea \u00een asocia\u021bie iar cotiza\u021bia se va achita anual.Achita\u021bi \u00een termen de 30 de [&hellip;]<\/p>","protected":false},"author":1,"featured_media":0,"parent":0,"menu_order":0,"comment_status":"closed","ping_status":"closed","template":"","meta":{"_EventAllDay":false,"_EventTimezone":"","_EventStartDate":"","_EventEndDate":"","_EventStartDateUTC":"","_EventEndDateUTC":"","_EventShowMap":false,"_EventShowMapLink":false,"_EventURL":"","_EventCost":"","_EventCostDescription":"","_EventCurrencySymbol":"","_EventCurrencyCode":"","_EventCurrencyPosition":"","_EventDateTimeSeparator":"","_EventTimeRangeSeparator":"","_EventOrganizerID":[],"_EventVenueID":[],"_OrganizerEmail":"","_OrganizerPhone":"","_OrganizerWebsite":"","_VenueAddress":"","_VenueCity":"","_VenueCountry":"","_VenueProvince":"","_VenueState":"","_VenueZip":"","_VenuePhone":"","_VenueURL":"","_VenueStateProvince":"","_VenueLat":"","_VenueLng":"","_VenueShowMap":false,"_VenueShowMapLink":false,"footnotes":""},"class_list":["post-84822","page","type-page","status-publish","hentry"],"yoast_head":"<!-- This site is optimized with the Yoast SEO Premium plugin v23.8 (Yoast SEO v25.1) - https:\/\/yoast.com\/wordpress\/plugins\/seo\/ -->\n<title>Cotiza\u021bia de aderare - AFAM MD<\/title>\n<meta name=\"robots\" content=\"index, follow, max-snippet:-1, max-image-preview:large, max-video-preview:-1\" \/>\n<link rel=\"canonical\" href=\"https:\/\/afam.md\/en\/cotizatia-de-aderare\/\" \/>\n<meta property=\"og:locale\" content=\"en_US\" \/>\n<meta property=\"og:type\" content=\"article\" \/>\n<meta property=\"og:title\" content=\"Cotiza\u021bia de aderare\" \/>\n<meta property=\"og:description\" content=\"Taxa \u0219i cotiza\u021bia de aderare Taxa de aderare &#8211; 200 MDL\u00a0se achit\u0103 o singur\u0103 dat\u0103 la aderarea \u00een asocia\u021bie iar cotiza\u021bia se va achita anual.Achita\u021bi \u00een termen de 30 de [&hellip;]\" \/>\n<meta property=\"og:url\" content=\"https:\/\/afam.md\/en\/cotizatia-de-aderare\/\" \/>\n<meta property=\"og:site_name\" content=\"AFAM MD\" \/>\n<meta property=\"article:publisher\" content=\"https:\/\/www.facebook.com\/AFAMMoldova\/\" \/>\n<meta property=\"article:modified_time\" content=\"2025-05-23T10:39:05+00:00\" \/>\n<meta name=\"twitter:card\" content=\"summary_large_image\" \/>\n<meta name=\"twitter:label1\" content=\"Est. reading time\" \/>\n\t<meta name=\"twitter:data1\" content=\"2 minutes\" \/>\n<script type=\"application\/ld+json\" class=\"yoast-schema-graph\">{\"@context\":\"https:\/\/schema.org\",\"@graph\":[{\"@type\":\"WebPage\",\"@id\":\"https:\/\/afam.md\/cotizatia-de-aderare\/\",\"url\":\"https:\/\/afam.md\/cotizatia-de-aderare\/\",\"name\":\"Cotiza\u021bia de aderare - AFAM MD\",\"isPartOf\":{\"@id\":\"https:\/\/afam.md\/en\/#website\"},\"datePublished\":\"2024-09-18T09:32:05+00:00\",\"dateModified\":\"2025-05-23T10:39:05+00:00\",\"breadcrumb\":{\"@id\":\"https:\/\/afam.md\/cotizatia-de-aderare\/#breadcrumb\"},\"inLanguage\":\"en-US\",\"potentialAction\":[{\"@type\":\"ReadAction\",\"target\":[\"https:\/\/afam.md\/cotizatia-de-aderare\/\"]}]},{\"@type\":\"BreadcrumbList\",\"@id\":\"https:\/\/afam.md\/cotizatia-de-aderare\/#breadcrumb\",\"itemListElement\":[{\"@type\":\"ListItem\",\"position\":1,\"name\":\"\u0413\u043b\u0430\u0432\u043d\u0430\u044f\",\"item\":\"https:\/\/afam.md\/\"},{\"@type\":\"ListItem\",\"position\":2,\"name\":\"Cotiza\u021bia de aderare\"}]},{\"@type\":\"WebSite\",\"@id\":\"https:\/\/afam.md\/en\/#website\",\"url\":\"https:\/\/afam.md\/en\/\",\"name\":\"AFAM MD\",\"description\":\"Asocia\u021bia Femeilor Antreprenoare Din Moldova\",\"publisher\":{\"@id\":\"https:\/\/afam.md\/en\/#organization\"},\"potentialAction\":[{\"@type\":\"SearchAction\",\"target\":{\"@type\":\"EntryPoint\",\"urlTemplate\":\"https:\/\/afam.md\/en\/?s={search_term_string}\"},\"query-input\":{\"@type\":\"PropertyValueSpecification\",\"valueRequired\":true,\"valueName\":\"search_term_string\"}}],\"inLanguage\":\"en-US\"},{\"@type\":\"Organization\",\"@id\":\"https:\/\/afam.md\/en\/#organization\",\"name\":\"Asocia\u021bia Femeilor Antreprenoare Din Moldova\",\"alternateName\":\"AFAM\",\"url\":\"https:\/\/afam.md\/en\/\",\"logo\":{\"@type\":\"ImageObject\",\"inLanguage\":\"en-US\",\"@id\":\"https:\/\/afam.md\/en\/#\/schema\/logo\/image\/\",\"url\":\"https:\/\/afam.md\/wp-content\/uploads\/2024\/11\/logo-blue.svg\",\"contentUrl\":\"https:\/\/afam.md\/wp-content\/uploads\/2024\/11\/logo-blue.svg\",\"width\":1874,\"height\":650,\"caption\":\"Asocia\u021bia Femeilor Antreprenoare Din Moldova\"},\"image\":{\"@id\":\"https:\/\/afam.md\/en\/#\/schema\/logo\/image\/\"},\"sameAs\":[\"https:\/\/www.facebook.com\/AFAMMoldova\/\",\"https:\/\/www.instagram.com\/afammoldova\/?hl=en\",\"https:\/\/md.linkedin.com\/in\/afam-moldova-285159174\"],\"email\":\"afammoldova@gmail.com\",\"telephone\":\"(+373) 76 767 670\",\"legalName\":\"Asocia\u021bia Femeilor Antreprenoare Din Moldova\",\"numberOfEmployees\":{\"@type\":\"QuantitativeValue\",\"minValue\":\"51\",\"maxValue\":\"200\"}}]}<\/script>\n<!-- \/ Yoast SEO Premium plugin. -->","yoast_head_json":{"title":"Cotiza\u021bia de aderare - AFAM MD","robots":{"index":"index","follow":"follow","max-snippet":"max-snippet:-1","max-image-preview":"max-image-preview:large","max-video-preview":"max-video-preview:-1"},"canonical":"https:\/\/afam.md\/en\/cotizatia-de-aderare\/","og_locale":"en_US","og_type":"article","og_title":"Cotiza\u021bia de aderare","og_description":"Taxa \u0219i cotiza\u021bia de aderare Taxa de aderare &#8211; 200 MDL\u00a0se achit\u0103 o singur\u0103 dat\u0103 la aderarea \u00een asocia\u021bie iar cotiza\u021bia se va achita anual.Achita\u021bi \u00een termen de 30 de [&hellip;]","og_url":"https:\/\/afam.md\/en\/cotizatia-de-aderare\/","og_site_name":"AFAM MD","article_publisher":"https:\/\/www.facebook.com\/AFAMMoldova\/","article_modified_time":"2025-05-23T10:39:05+00:00","twitter_card":"summary_large_image","twitter_misc":{"Est. reading time":"2 minutes"},"schema":{"@context":"https:\/\/schema.org","@graph":[{"@type":"WebPage","@id":"https:\/\/afam.md\/cotizatia-de-aderare\/","url":"https:\/\/afam.md\/cotizatia-de-aderare\/","name":"Cotiza\u021bia de aderare - AFAM MD","isPartOf":{"@id":"https:\/\/afam.md\/en\/#website"},"datePublished":"2024-09-18T09:32:05+00:00","dateModified":"2025-05-23T10:39:05+00:00","breadcrumb":{"@id":"https:\/\/afam.md\/cotizatia-de-aderare\/#breadcrumb"},"inLanguage":"en-US","potentialAction":[{"@type":"ReadAction","target":["https:\/\/afam.md\/cotizatia-de-aderare\/"]}]},{"@type":"BreadcrumbList","@id":"https:\/\/afam.md\/cotizatia-de-aderare\/#breadcrumb","itemListElement":[{"@type":"ListItem","position":1,"name":"\u0413\u043b\u0430\u0432\u043d\u0430\u044f","item":"https:\/\/afam.md\/"},{"@type":"ListItem","position":2,"name":"Cotiza\u021bia de aderare"}]},{"@type":"WebSite","@id":"https:\/\/afam.md\/en\/#website","url":"https:\/\/afam.md\/en\/","name":"AFAM MD","description":"Asocia\u021bia Femeilor Antreprenoare Din Moldova","publisher":{"@id":"https:\/\/afam.md\/en\/#organization"},"potentialAction":[{"@type":"SearchAction","target":{"@type":"EntryPoint","urlTemplate":"https:\/\/afam.md\/en\/?s={search_term_string}"},"query-input":{"@type":"PropertyValueSpecification","valueRequired":true,"valueName":"search_term_string"}}],"inLanguage":"en-US"},{"@type":"Organization","@id":"https:\/\/afam.md\/en\/#organization","name":"Asocia\u021bia Femeilor Antreprenoare Din Moldova","alternateName":"AFAM","url":"https:\/\/afam.md\/en\/","logo":{"@type":"ImageObject","inLanguage":"en-US","@id":"https:\/\/afam.md\/en\/#\/schema\/logo\/image\/","url":"https:\/\/afam.md\/wp-content\/uploads\/2024\/11\/logo-blue.svg","contentUrl":"https:\/\/afam.md\/wp-content\/uploads\/2024\/11\/logo-blue.svg","width":1874,"height":650,"caption":"Asocia\u021bia Femeilor Antreprenoare Din Moldova"},"image":{"@id":"https:\/\/afam.md\/en\/#\/schema\/logo\/image\/"},"sameAs":["https:\/\/www.facebook.com\/AFAMMoldova\/","https:\/\/www.instagram.com\/afammoldova\/?hl=en","https:\/\/md.linkedin.com\/in\/afam-moldova-285159174"],"email":"afammoldova@gmail.com","telephone":"(+373) 76 767 670","legalName":"Asocia\u021bia Femeilor Antreprenoare Din Moldova","numberOfEmployees":{"@type":"QuantitativeValue","minValue":"51","maxValue":"200"}}]}},"_links":{"self":[{"href":"https:\/\/afam.md\/en\/wp-json\/wp\/v2\/pages\/84822","targetHints":{"allow":["GET"]}}],"collection":[{"href":"https:\/\/afam.md\/en\/wp-json\/wp\/v2\/pages"}],"about":[{"href":"https:\/\/afam.md\/en\/wp-json\/wp\/v2\/types\/page"}],"author":[{"embeddable":true,"href":"https:\/\/afam.md\/en\/wp-json\/wp\/v2\/users\/1"}],"replies":[{"embeddable":true,"href":"https:\/\/afam.md\/en\/wp-json\/wp\/v2\/comments?post=84822"}],"version-history":[{"count":3,"href":"https:\/\/afam.md\/en\/wp-json\/wp\/v2\/pages\/84822\/revisions"}],"predecessor-version":[{"id":93475,"href":"https:\/\/afam.md\/en\/wp-json\/wp\/v2\/pages\/84822\/revisions\/93475"}],"wp:attachment":[{"href":"https:\/\/afam.md\/en\/wp-json\/wp\/v2\/media?parent=84822"}],"curies":[{"name":"wp","href":"https:\/\/api.w.org\/{rel}","templated":true}]}}