{"id":84826,"date":"2024-09-18T12:32:06","date_gmt":"2024-09-18T09:32:06","guid":{"rendered":"https:\/\/afam.md\/drepturi-si-responsabilitati\/"},"modified":"2024-10-06T19:26:05","modified_gmt":"2024-10-06T16:26:05","slug":"drepturi-si-responsabilitati","status":"publish","type":"page","link":"https:\/\/afam.md\/en\/drepturi-si-responsabilitati\/","title":{"rendered":"Rights and responsibilities"},"content":{"rendered":"<div data-elementor-type=\"wp-page\" data-elementor-id=\"84826\" class=\"elementor elementor-84826\" data-elementor-post-type=\"page\">\n\t\t\t\t<div class=\"elementor-element elementor-element-3964fa8 e-con-full e-flex e-con e-child\" data-id=\"3964fa8\" data-element_type=\"container\">\n\t\t\t\t<div class=\"elementor-element elementor-element-7b77016 elementor-widget elementor-widget-heading\" data-id=\"7b77016\" data-element_type=\"widget\" data-widget_type=\"heading.default\">\n\t\t\t\t<div class=\"elementor-widget-container\">\n\t\t\t\t\t<h3 class=\"elementor-heading-title elementor-size-default\">Rights and responsibilities<\/h3>\t\t\t\t<\/div>\n\t\t\t\t<\/div>\n\t\t\t\t<\/div>\n\t\t<div class=\"elementor-element elementor-element-bccf963 e-flex e-con-boxed e-con e-parent\" data-id=\"bccf963\" data-element_type=\"container\">\n\t\t\t\t\t<div class=\"e-con-inner\">\n\t\t<div class=\"elementor-element elementor-element-265ad7e e-con-full e-flex e-con e-child\" data-id=\"265ad7e\" data-element_type=\"container\">\n\t\t<div class=\"elementor-element elementor-element-afad426 e-con-full e-flex e-con e-child\" data-id=\"afad426\" data-element_type=\"container\">\n\t\t<div class=\"elementor-element elementor-element-073ecb1 e-con-full e-flex e-con e-child\" data-id=\"073ecb1\" data-element_type=\"container\">\n\t\t\t\t<div class=\"elementor-element elementor-element-26acdf1 elementor-widget elementor-widget-litho-heading\" data-id=\"26acdf1\" data-element_type=\"widget\" data-widget_type=\"litho-heading.default\">\n\t\t\t\t<div class=\"elementor-widget-container\">\n\t\t\t\t\t<h6 class=\"litho-heading elementor-size-default\"><span class=\"litho-primary-title\">\u00cen conformitate cu Statutul Asocia\u021biei Femeilor Antreprenoare din Moldova <\/span><\/h6>\t\t\t\t<\/div>\n\t\t\t\t<\/div>\n\t\t\t\t<\/div>\n\t\t\t\t<\/div>\n\t\t<div class=\"elementor-element elementor-element-f60d178 e-con-full e-flex e-con e-child\" data-id=\"f60d178\" data-element_type=\"container\">\n\t\t<div data-dce-background-color=\"#FFFFFF\" class=\"elementor-element elementor-element-bad4c4a e-con-full e-flex e-con e-child\" data-id=\"bad4c4a\" data-element_type=\"container\" data-settings=\"{&quot;background_background&quot;:&quot;classic&quot;}\">\n\t\t\t\t<div class=\"elementor-element elementor-element-a933ebc elementor-widget elementor-widget-litho-heading\" data-id=\"a933ebc\" data-element_type=\"widget\" data-widget_type=\"litho-heading.default\">\n\t\t\t\t<div class=\"elementor-widget-container\">\n\t\t\t\t\t<h5 class=\"litho-heading elementor-size-default\"><span class=\"litho-primary-title\">Membrele Asocia\u0163iei au dreptul:<\/span><\/h5>\t\t\t\t<\/div>\n\t\t\t\t<\/div>\n\t\t\t\t<div class=\"elementor-element elementor-element-d057ab8 elementor-widget elementor-widget-text-editor\" data-id=\"d057ab8\" data-element_type=\"widget\" data-widget_type=\"text-editor.default\">\n\t\t\t\t<div class=\"elementor-widget-container\">\n\t\t\t\t\t\t\t\t\t<p>\u2022 s\u0103 participe la activit\u0103\u021bile Asocia\u0163iei;<br \/>\u2022 s\u0103 aleag\u0103 \u015fi de a fi aleas\u0103 \u00een orice func\u0163ie eligibil\u0103 a Asocia\u0163iei;<br \/>\u2022 s\u0103 participe la toate proiectele Asocia\u0163iei;<br \/>\u2022 s\u0103 aleag\u0103 \u0219i s\u0103 fie aleas\u0103 \u00een organele de conducere ale Asocia\u021biei;<br \/>\u2022 s\u0103 reprezinte Asocia\u021bia numai \u00een baza \u00eemputernicirilor;<br \/>\u2022 s\u0103-\u0219i expun\u0103 p\u0103rerea la adoptarea deciziilor referitoare la activitatea Asocia\u021biei;<br \/>\u2022 s\u0103 publice lucr\u0103ri \u015fi alte materiale \u00een organul de pres\u0103 al Asocia\u0163iei;<br \/>\u2022 s\u0103 participe la prezent\u0103ri, expozi\u021bii, conferin\u021be, seminare \u0219i alte activit\u0103\u021bi organizate de Asocia\u021bie;<br \/>\u2022 s\u0103 finan\u021beze, inclusiv cu titlul de sponsorizare, activitatea Asocia\u021biei;<br \/>\u2022 s\u0103 se retrag\u0103 din Asocia\u021bie, prezent\u00e2nd sau nu motivele respective.<\/p>\t\t\t\t\t\t\t\t<\/div>\n\t\t\t\t<\/div>\n\t\t\t\t<\/div>\n\t\t<div data-dce-background-color=\"#FFFFFF\" class=\"elementor-element elementor-element-3aee688 e-con-full e-flex e-con e-child\" data-id=\"3aee688\" data-element_type=\"container\" data-settings=\"{&quot;background_background&quot;:&quot;classic&quot;}\">\n\t\t\t\t<div class=\"elementor-element elementor-element-b3d4b6b elementor-widget elementor-widget-litho-heading\" data-id=\"b3d4b6b\" data-element_type=\"widget\" data-widget_type=\"litho-heading.default\">\n\t\t\t\t<div class=\"elementor-widget-container\">\n\t\t\t\t\t<h5 class=\"litho-heading elementor-size-default\"><span class=\"litho-primary-title\">Membrele Asocia\u0163iei sunt obligate:<\/span><\/h5>\t\t\t\t<\/div>\n\t\t\t\t<\/div>\n\t\t\t\t<div class=\"elementor-element elementor-element-784679e elementor-widget elementor-widget-text-editor\" data-id=\"784679e\" data-element_type=\"widget\" data-widget_type=\"text-editor.default\">\n\t\t\t\t<div class=\"elementor-widget-container\">\n\t\t\t\t\t\t\t\t\t<p>\u2022 s\u0103 respecte prevederile prezentului Statut, hot\u0103r\u00e2rile Adun\u0103rii General \u0219i Consiliului de Administrare, Pre\u015fedintei, Directoarei executive, legisla\u021bia \u00een vigoare a RM;<br \/>\u2022 s\u0103 participe activ la realizarea scopurilor statutare;<br \/>\u2022 s\u0103 achite taxa de aderare \u0219i cotiza\u0163ia de membr\u0103 la timp (termen de 30 de zile, imediat intervenirii noului termen pentru achitare);<br \/>\u2022 \u00een cazul neachit\u0103rii taxei anuale \u00een 30 (treizeci) de zile din momentul survenirii termenului, statutul de membr\u0103 se suspend\u0103 automat (f\u0103r\u0103 preaviz).<\/p>\t\t\t\t\t\t\t\t<\/div>\n\t\t\t\t<\/div>\n\t\t\t\t<\/div>\n\t\t\t\t<\/div>\n\t\t\t\t<\/div>\n\t\t\t\t\t<\/div>\n\t\t\t\t<\/div>\n\t\t\t\t<\/div>","protected":false},"excerpt":{"rendered":"<p>Drepturi \u0219i responsabilit\u0103\u021bi \u00cen conformitate cu Statutul Asocia\u021biei Femeilor Antreprenoare din Moldova Membrele Asocia\u0163iei au dreptul: \u2022 s\u0103 participe la activit\u0103\u021bile Asocia\u0163iei;\u2022 s\u0103 aleag\u0103 \u015fi de a fi aleas\u0103 \u00een [&hellip;]<\/p>","protected":false},"author":1,"featured_media":0,"parent":0,"menu_order":0,"comment_status":"closed","ping_status":"closed","template":"","meta":{"_EventAllDay":false,"_EventTimezone":"","_EventStartDate":"","_EventEndDate":"","_EventStartDateUTC":"","_EventEndDateUTC":"","_EventShowMap":false,"_EventShowMapLink":false,"_EventURL":"","_EventCost":"","_EventCostDescription":"","_EventCurrencySymbol":"","_EventCurrencyCode":"","_EventCurrencyPosition":"","_EventDateTimeSeparator":"","_EventTimeRangeSeparator":"","_EventOrganizerID":[],"_EventVenueID":[],"_OrganizerEmail":"","_OrganizerPhone":"","_OrganizerWebsite":"","_VenueAddress":"","_VenueCity":"","_VenueCountry":"","_VenueProvince":"","_VenueState":"","_VenueZip":"","_VenuePhone":"","_VenueURL":"","_VenueStateProvince":"","_VenueLat":"","_VenueLng":"","_VenueShowMap":false,"_VenueShowMapLink":false,"footnotes":""},"class_list":["post-84826","page","type-page","status-publish","hentry"],"yoast_head":"<!-- This site is optimized with the Yoast SEO Premium plugin v23.8 (Yoast SEO v25.1) - https:\/\/yoast.com\/wordpress\/plugins\/seo\/ -->\n<title>Drepturi \u0219i responsabilit\u0103\u021bi - AFAM MD<\/title>\n<meta name=\"robots\" content=\"index, follow, max-snippet:-1, max-image-preview:large, max-video-preview:-1\" \/>\n<link rel=\"canonical\" href=\"https:\/\/afam.md\/en\/drepturi-si-responsabilitati\/\" \/>\n<meta property=\"og:locale\" content=\"en_US\" \/>\n<meta property=\"og:type\" content=\"article\" \/>\n<meta property=\"og:title\" content=\"Drepturi \u0219i responsabilit\u0103\u021bi\" \/>\n<meta property=\"og:description\" content=\"Drepturi \u0219i responsabilit\u0103\u021bi \u00cen conformitate cu Statutul Asocia\u021biei Femeilor Antreprenoare din Moldova Membrele Asocia\u0163iei au dreptul: \u2022 s\u0103 participe la activit\u0103\u021bile Asocia\u0163iei;\u2022 s\u0103 aleag\u0103 \u015fi de a fi aleas\u0103 \u00een [&hellip;]\" \/>\n<meta property=\"og:url\" content=\"https:\/\/afam.md\/en\/drepturi-si-responsabilitati\/\" \/>\n<meta property=\"og:site_name\" content=\"AFAM MD\" \/>\n<meta property=\"article:publisher\" content=\"https:\/\/www.facebook.com\/AFAMMoldova\/\" \/>\n<meta property=\"article:modified_time\" content=\"2024-10-06T16:26:05+00:00\" \/>\n<meta name=\"twitter:card\" content=\"summary_large_image\" \/>\n<meta name=\"twitter:label1\" content=\"Est. reading time\" \/>\n\t<meta name=\"twitter:data1\" content=\"1 minute\" \/>\n<script type=\"application\/ld+json\" class=\"yoast-schema-graph\">{\"@context\":\"https:\/\/schema.org\",\"@graph\":[{\"@type\":\"WebPage\",\"@id\":\"https:\/\/afam.md\/drepturi-si-responsabilitati\/\",\"url\":\"https:\/\/afam.md\/drepturi-si-responsabilitati\/\",\"name\":\"Drepturi \u0219i responsabilit\u0103\u021bi - AFAM MD\",\"isPartOf\":{\"@id\":\"https:\/\/afam.md\/en\/#website\"},\"datePublished\":\"2024-09-18T09:32:06+00:00\",\"dateModified\":\"2024-10-06T16:26:05+00:00\",\"breadcrumb\":{\"@id\":\"https:\/\/afam.md\/drepturi-si-responsabilitati\/#breadcrumb\"},\"inLanguage\":\"en-US\",\"potentialAction\":[{\"@type\":\"ReadAction\",\"target\":[\"https:\/\/afam.md\/drepturi-si-responsabilitati\/\"]}]},{\"@type\":\"BreadcrumbList\",\"@id\":\"https:\/\/afam.md\/drepturi-si-responsabilitati\/#breadcrumb\",\"itemListElement\":[{\"@type\":\"ListItem\",\"position\":1,\"name\":\"\u0413\u043b\u0430\u0432\u043d\u0430\u044f\",\"item\":\"https:\/\/afam.md\/\"},{\"@type\":\"ListItem\",\"position\":2,\"name\":\"Drepturi \u0219i responsabilit\u0103\u021bi\"}]},{\"@type\":\"WebSite\",\"@id\":\"https:\/\/afam.md\/en\/#website\",\"url\":\"https:\/\/afam.md\/en\/\",\"name\":\"AFAM MD\",\"description\":\"Asocia\u021bia Femeilor Antreprenoare Din Moldova\",\"publisher\":{\"@id\":\"https:\/\/afam.md\/en\/#organization\"},\"potentialAction\":[{\"@type\":\"SearchAction\",\"target\":{\"@type\":\"EntryPoint\",\"urlTemplate\":\"https:\/\/afam.md\/en\/?s={search_term_string}\"},\"query-input\":{\"@type\":\"PropertyValueSpecification\",\"valueRequired\":true,\"valueName\":\"search_term_string\"}}],\"inLanguage\":\"en-US\"},{\"@type\":\"Organization\",\"@id\":\"https:\/\/afam.md\/en\/#organization\",\"name\":\"Asocia\u021bia Femeilor Antreprenoare Din Moldova\",\"alternateName\":\"AFAM\",\"url\":\"https:\/\/afam.md\/en\/\",\"logo\":{\"@type\":\"ImageObject\",\"inLanguage\":\"en-US\",\"@id\":\"https:\/\/afam.md\/en\/#\/schema\/logo\/image\/\",\"url\":\"https:\/\/afam.md\/wp-content\/uploads\/2024\/11\/logo-blue.svg\",\"contentUrl\":\"https:\/\/afam.md\/wp-content\/uploads\/2024\/11\/logo-blue.svg\",\"width\":1874,\"height\":650,\"caption\":\"Asocia\u021bia Femeilor Antreprenoare Din Moldova\"},\"image\":{\"@id\":\"https:\/\/afam.md\/en\/#\/schema\/logo\/image\/\"},\"sameAs\":[\"https:\/\/www.facebook.com\/AFAMMoldova\/\",\"https:\/\/www.instagram.com\/afammoldova\/?hl=en\",\"https:\/\/md.linkedin.com\/in\/afam-moldova-285159174\"],\"email\":\"afammoldova@gmail.com\",\"telephone\":\"(+373) 76 767 670\",\"legalName\":\"Asocia\u021bia Femeilor Antreprenoare Din Moldova\",\"numberOfEmployees\":{\"@type\":\"QuantitativeValue\",\"minValue\":\"51\",\"maxValue\":\"200\"}}]}<\/script>\n<!-- \/ Yoast SEO Premium plugin. -->","yoast_head_json":{"title":"Drepturi \u0219i responsabilit\u0103\u021bi - AFAM MD","robots":{"index":"index","follow":"follow","max-snippet":"max-snippet:-1","max-image-preview":"max-image-preview:large","max-video-preview":"max-video-preview:-1"},"canonical":"https:\/\/afam.md\/en\/drepturi-si-responsabilitati\/","og_locale":"en_US","og_type":"article","og_title":"Drepturi \u0219i responsabilit\u0103\u021bi","og_description":"Drepturi \u0219i responsabilit\u0103\u021bi \u00cen conformitate cu Statutul Asocia\u021biei Femeilor Antreprenoare din Moldova Membrele Asocia\u0163iei au dreptul: \u2022 s\u0103 participe la activit\u0103\u021bile Asocia\u0163iei;\u2022 s\u0103 aleag\u0103 \u015fi de a fi aleas\u0103 \u00een [&hellip;]","og_url":"https:\/\/afam.md\/en\/drepturi-si-responsabilitati\/","og_site_name":"AFAM MD","article_publisher":"https:\/\/www.facebook.com\/AFAMMoldova\/","article_modified_time":"2024-10-06T16:26:05+00:00","twitter_card":"summary_large_image","twitter_misc":{"Est. reading time":"1 minute"},"schema":{"@context":"https:\/\/schema.org","@graph":[{"@type":"WebPage","@id":"https:\/\/afam.md\/drepturi-si-responsabilitati\/","url":"https:\/\/afam.md\/drepturi-si-responsabilitati\/","name":"Drepturi \u0219i responsabilit\u0103\u021bi - AFAM MD","isPartOf":{"@id":"https:\/\/afam.md\/en\/#website"},"datePublished":"2024-09-18T09:32:06+00:00","dateModified":"2024-10-06T16:26:05+00:00","breadcrumb":{"@id":"https:\/\/afam.md\/drepturi-si-responsabilitati\/#breadcrumb"},"inLanguage":"en-US","potentialAction":[{"@type":"ReadAction","target":["https:\/\/afam.md\/drepturi-si-responsabilitati\/"]}]},{"@type":"BreadcrumbList","@id":"https:\/\/afam.md\/drepturi-si-responsabilitati\/#breadcrumb","itemListElement":[{"@type":"ListItem","position":1,"name":"\u0413\u043b\u0430\u0432\u043d\u0430\u044f","item":"https:\/\/afam.md\/"},{"@type":"ListItem","position":2,"name":"Drepturi \u0219i responsabilit\u0103\u021bi"}]},{"@type":"WebSite","@id":"https:\/\/afam.md\/en\/#website","url":"https:\/\/afam.md\/en\/","name":"AFAM MD","description":"Asocia\u021bia Femeilor Antreprenoare Din Moldova","publisher":{"@id":"https:\/\/afam.md\/en\/#organization"},"potentialAction":[{"@type":"SearchAction","target":{"@type":"EntryPoint","urlTemplate":"https:\/\/afam.md\/en\/?s={search_term_string}"},"query-input":{"@type":"PropertyValueSpecification","valueRequired":true,"valueName":"search_term_string"}}],"inLanguage":"en-US"},{"@type":"Organization","@id":"https:\/\/afam.md\/en\/#organization","name":"Asocia\u021bia Femeilor Antreprenoare Din Moldova","alternateName":"AFAM","url":"https:\/\/afam.md\/en\/","logo":{"@type":"ImageObject","inLanguage":"en-US","@id":"https:\/\/afam.md\/en\/#\/schema\/logo\/image\/","url":"https:\/\/afam.md\/wp-content\/uploads\/2024\/11\/logo-blue.svg","contentUrl":"https:\/\/afam.md\/wp-content\/uploads\/2024\/11\/logo-blue.svg","width":1874,"height":650,"caption":"Asocia\u021bia Femeilor Antreprenoare Din Moldova"},"image":{"@id":"https:\/\/afam.md\/en\/#\/schema\/logo\/image\/"},"sameAs":["https:\/\/www.facebook.com\/AFAMMoldova\/","https:\/\/www.instagram.com\/afammoldova\/?hl=en","https:\/\/md.linkedin.com\/in\/afam-moldova-285159174"],"email":"afammoldova@gmail.com","telephone":"(+373) 76 767 670","legalName":"Asocia\u021bia Femeilor Antreprenoare Din Moldova","numberOfEmployees":{"@type":"QuantitativeValue","minValue":"51","maxValue":"200"}}]}},"_links":{"self":[{"href":"https:\/\/afam.md\/en\/wp-json\/wp\/v2\/pages\/84826","targetHints":{"allow":["GET"]}}],"collection":[{"href":"https:\/\/afam.md\/en\/wp-json\/wp\/v2\/pages"}],"about":[{"href":"https:\/\/afam.md\/en\/wp-json\/wp\/v2\/types\/page"}],"author":[{"embeddable":true,"href":"https:\/\/afam.md\/en\/wp-json\/wp\/v2\/users\/1"}],"replies":[{"embeddable":true,"href":"https:\/\/afam.md\/en\/wp-json\/wp\/v2\/comments?post=84826"}],"version-history":[{"count":0,"href":"https:\/\/afam.md\/en\/wp-json\/wp\/v2\/pages\/84826\/revisions"}],"wp:attachment":[{"href":"https:\/\/afam.md\/en\/wp-json\/wp\/v2\/media?parent=84826"}],"curies":[{"name":"wp","href":"https:\/\/api.w.org\/{rel}","templated":true}]}}