{"id":84832,"date":"2024-09-18T12:32:07","date_gmt":"2024-09-18T09:32:07","guid":{"rendered":"https:\/\/afam.md\/beneficii\/"},"modified":"2024-10-04T20:41:45","modified_gmt":"2024-10-04T17:41:45","slug":"beneficii","status":"publish","type":"page","link":"https:\/\/afam.md\/en\/beneficii\/","title":{"rendered":"Benefits"},"content":{"rendered":"<div data-elementor-type=\"wp-page\" data-elementor-id=\"84832\" class=\"elementor elementor-84832\" data-elementor-post-type=\"page\">\n\t\t\t\t<div class=\"elementor-element elementor-element-2c3a29e e-con-full e-flex e-con e-child\" data-id=\"2c3a29e\" data-element_type=\"container\">\n\t\t\t\t<div class=\"elementor-element elementor-element-66dbbb6 elementor-widget elementor-widget-heading\" data-id=\"66dbbb6\" data-element_type=\"widget\" data-widget_type=\"heading.default\">\n\t\t\t\t<div class=\"elementor-widget-container\">\n\t\t\t\t\t<h3 class=\"elementor-heading-title elementor-size-default\">Benefits<\/h3>\t\t\t\t<\/div>\n\t\t\t\t<\/div>\n\t\t\t\t<div class=\"elementor-element elementor-element-a759160 elementor-widget elementor-widget-text-editor\" data-id=\"a759160\" data-element_type=\"widget\" data-widget_type=\"text-editor.default\">\n\t\t\t\t<div class=\"elementor-widget-container\">\n\t\t\t\t\t\t\t\t\t<h5 class=\"widget-title\">Our community has over<span style=\"color: #27ae60;\"> <a class=\"a_dash\"  href=\"https:\/\/afam.md\/en\/membre\/\">70 participants<\/a><\/span> out of the different areas. Here&#039;s just a few of the benefits of being a member of the:<\/h5>\t\t\t\t\t\t\t\t<\/div>\n\t\t\t\t<\/div>\n\t\t\t\t<\/div>\n\t\t<div class=\"elementor-element elementor-element-3cf9005 e-grid e-con-boxed e-con e-child\" data-id=\"3cf9005\" data-element_type=\"container\">\n\t\t\t\t\t<div class=\"e-con-inner\">\n\t\t\t\t<div class=\"elementor-element elementor-element-bfb0986 elementor-view-custom elementor-shape-circle elementor-position-top elementor-mobile-position-top elementor-vertical-align-top elementor-widget elementor-widget-litho-icon-box\" data-id=\"bfb0986\" data-element_type=\"widget\" data-widget_type=\"litho-icon-box.default\">\n\t\t\t\t<div class=\"elementor-widget-container\">\n\t\t\t\t\t\t\t\t<div class=\"elementor-icon-box-wrapper litho-icon-box-wrapper\">\n\t\t\t\t\t\t\t\t<div class=\"elementor-icon-box-icon\">\t\t\t\t\t<span class=\"elementor-icon elementor-animation-\" >\n\t\t\t\t\t\t<svg aria-hidden=\"true\" class=\"e-font-icon-svg e-far-calendar-alt\" viewbox=\"0 0 448 512\" xmlns=\"http:\/\/www.w3.org\/2000\/svg\"><path d=\"M148 288h-40c-6.6 0-12-5.4-12-12v-40c0-6.6 5.4-12 12-12h40c6.6 0 12 5.4 12 12v40c0 6.6-5.4 12-12 12zm108-12v-40c0-6.6-5.4-12-12-12h-40c-6.6 0-12 5.4-12 12v40c0 6.6 5.4 12 12 12h40c6.6 0 12-5.4 12-12zm96 0v-40c0-6.6-5.4-12-12-12h-40c-6.6 0-12 5.4-12 12v40c0 6.6 5.4 12 12 12h40c6.6 0 12-5.4 12-12zm-96 96v-40c0-6.6-5.4-12-12-12h-40c-6.6 0-12 5.4-12 12v40c0 6.6 5.4 12 12 12h40c6.6 0 12-5.4 12-12zm-96 0v-40c0-6.6-5.4-12-12-12h-40c-6.6 0-12 5.4-12 12v40c0 6.6 5.4 12 12 12h40c6.6 0 12-5.4 12-12zm192 0v-40c0-6.6-5.4-12-12-12h-40c-6.6 0-12 5.4-12 12v40c0 6.6 5.4 12 12 12h40c6.6 0 12-5.4 12-12zm96-260v352c0 26.5-21.5 48-48 48H48c-26.5 0-48-21.5-48-48V112c0-26.5 21.5-48 48-48h48V12c0-6.6 5.4-12 12-12h40c6.6 0 12 5.4 12 12v52h128V12c0-6.6 5.4-12 12-12h40c6.6 0 12 5.4 12 12v52h48c26.5 0 48 21.5 48 48zm-48 346V160H48v298c0 3.3 2.7 6 6 6h340c3.3 0 6-2.7 6-6z\"><\/path><\/svg>\t\t\t\t\t<\/span>\n\t\t\t\t<\/div>\n\t\t\t\t\t\t\t\t<div class=\"elementor-icon-box-content\">\n\t\t\t\t\t\t\t\t\t\t\t<span class=\"elementor-icon-box-title\"><span >Events<\/span>\n\t\t\t\t\t\t<\/span>\n\t\t\t\t\t\t\t\t\t\t<p class=\"elementor-icon-box-description\">New relationships, partnerships and promotion among the limbs.<\/p>\n\t\t\t\t\t\t\t\t\t\t\t\t\t\t<\/div>\n\t\t\t<\/div>\n\t\t\t\t\t\t<\/div>\n\t\t\t\t<\/div>\n\t\t\t\t<div class=\"elementor-element elementor-element-4fee679 elementor-view-custom elementor-shape-circle elementor-position-top elementor-mobile-position-top elementor-vertical-align-top elementor-widget elementor-widget-litho-icon-box\" data-id=\"4fee679\" data-element_type=\"widget\" data-widget_type=\"litho-icon-box.default\">\n\t\t\t\t<div class=\"elementor-widget-container\">\n\t\t\t\t\t\t\t\t<div class=\"elementor-icon-box-wrapper litho-icon-box-wrapper\">\n\t\t\t\t\t\t\t\t<div class=\"elementor-icon-box-icon\">\t\t\t\t\t<span class=\"elementor-icon elementor-animation-\" >\n\t\t\t\t\t\t<svg aria-hidden=\"true\" class=\"e-font-icon-svg e-fas-hands-helping\" viewbox=\"0 0 640 512\" xmlns=\"http:\/\/www.w3.org\/2000\/svg\"><path d=\"M488 192H336v56c0 39.7-32.3 72-72 72s-72-32.3-72-72V126.4l-64.9 39C107.8 176.9 96 197.8 96 220.2v47.3l-80 46.2C.7 322.5-4.6 342.1 4.3 357.4l80 138.6c8.8 15.3 28.4 20.5 43.7 11.7L231.4 448H368c35.3 0 64-28.7 64-64h16c17.7 0 32-14.3 32-32v-64h8c13.3 0 24-10.7 24-24v-48c0-13.3-10.7-24-24-24zm147.7-37.4L555.7 16C546.9.7 527.3-4.5 512 4.3L408.6 64H306.4c-12 0-23.7 3.4-33.9 9.7L239 94.6c-9.4 5.8-15 16.1-15 27.1V248c0 22.1 17.9 40 40 40s40-17.9 40-40v-88h184c30.9 0 56 25.1 56 56v28.5l80-46.2c15.3-8.9 20.5-28.4 11.7-43.7z\"><\/path><\/svg>\t\t\t\t\t<\/span>\n\t\t\t\t<\/div>\n\t\t\t\t\t\t\t\t<div class=\"elementor-icon-box-content\">\n\t\t\t\t\t\t\t\t\t\t\t<span class=\"elementor-icon-box-title\"><span >Relationship<\/span>\n\t\t\t\t\t\t<\/span>\n\t\t\t\t\t\t\t\t\t\t<p class=\"elementor-icon-box-description\">New relationships, partnerships and promotion among the limbs.<\/p>\n\t\t\t\t\t\t\t\t\t\t\t\t\t\t<\/div>\n\t\t\t<\/div>\n\t\t\t\t\t\t<\/div>\n\t\t\t\t<\/div>\n\t\t\t\t<div class=\"elementor-element elementor-element-9ca758d elementor-view-custom elementor-shape-circle elementor-position-top elementor-mobile-position-top elementor-vertical-align-top elementor-widget elementor-widget-litho-icon-box\" data-id=\"9ca758d\" data-element_type=\"widget\" data-widget_type=\"litho-icon-box.default\">\n\t\t\t\t<div class=\"elementor-widget-container\">\n\t\t\t\t\t\t\t\t<div class=\"elementor-icon-box-wrapper litho-icon-box-wrapper\">\n\t\t\t\t\t\t\t\t<div class=\"elementor-icon-box-icon\">\t\t\t\t\t<span class=\"elementor-icon elementor-animation-\" >\n\t\t\t\t\t\t<svg aria-hidden=\"true\" class=\"e-font-icon-svg e-fas-percentage\" viewbox=\"0 0 384 512\" xmlns=\"http:\/\/www.w3.org\/2000\/svg\"><path d=\"M109.25 173.25c24.99-24.99 24.99-65.52 0-90.51-24.99-24.99-65.52-24.99-90.51 0-24.99 24.99-24.99 65.52 0 90.51 25 25 65.52 25 90.51 0zm256 165.49c-24.99-24.99-65.52-24.99-90.51 0-24.99 24.99-24.99 65.52 0 90.51 24.99 24.99 65.52 24.99 90.51 0 25-24.99 25-65.51 0-90.51zm-1.94-231.43l-22.62-22.62c-12.5-12.5-32.76-12.5-45.25 0L20.69 359.44c-12.5 12.5-12.5 32.76 0 45.25l22.62 22.62c12.5 12.5 32.76 12.5 45.25 0l274.75-274.75c12.5-12.49 12.5-32.75 0-45.25z\"><\/path><\/svg>\t\t\t\t\t<\/span>\n\t\t\t\t<\/div>\n\t\t\t\t\t\t\t\t<div class=\"elementor-icon-box-content\">\n\t\t\t\t\t\t\t\t\t\t\t<span class=\"elementor-icon-box-title\"><span >Discount<\/span>\n\t\t\t\t\t\t<\/span>\n\t\t\t\t\t\t\t\t\t\t<p class=\"elementor-icon-box-description\">Discounts on services and products, AFAM and our partners.<\/p>\n\t\t\t\t\t\t\t\t\t\t\t\t\t\t<\/div>\n\t\t\t<\/div>\n\t\t\t\t\t\t<\/div>\n\t\t\t\t<\/div>\n\t\t\t\t<div class=\"elementor-element elementor-element-c1822c2 elementor-view-custom elementor-shape-circle elementor-position-top elementor-mobile-position-top elementor-vertical-align-top elementor-widget elementor-widget-litho-icon-box\" data-id=\"c1822c2\" data-element_type=\"widget\" data-widget_type=\"litho-icon-box.default\">\n\t\t\t\t<div class=\"elementor-widget-container\">\n\t\t\t\t\t\t\t\t<div class=\"elementor-icon-box-wrapper litho-icon-box-wrapper\">\n\t\t\t\t\t\t\t\t<div class=\"elementor-icon-box-icon\">\t\t\t\t\t<span class=\"elementor-icon elementor-animation-\" >\n\t\t\t\t\t\t<svg aria-hidden=\"true\" class=\"e-font-icon-svg e-fas-award\" viewbox=\"0 0 384 512\" xmlns=\"http:\/\/www.w3.org\/2000\/svg\"><path d=\"M97.12 362.63c-8.69-8.69-4.16-6.24-25.12-11.85-9.51-2.55-17.87-7.45-25.43-13.32L1.2 448.7c-4.39 10.77 3.81 22.47 15.43 22.03l52.69-2.01L105.56 507c8 8.44 22.04 5.81 26.43-4.96l52.05-127.62c-10.84 6.04-22.87 9.58-35.31 9.58-19.5 0-37.82-7.59-51.61-21.37zM382.8 448.7l-45.37-111.24c-7.56 5.88-15.92 10.77-25.43 13.32-21.07 5.64-16.45 3.18-25.12 11.85-13.79 13.78-32.12 21.37-51.62 21.37-12.44 0-24.47-3.55-35.31-9.58L252 502.04c4.39 10.77 18.44 13.4 26.43 4.96l36.25-38.28 52.69 2.01c11.62.44 19.82-11.27 15.43-22.03zM263 340c15.28-15.55 17.03-14.21 38.79-20.14 13.89-3.79 24.75-14.84 28.47-28.98 7.48-28.4 5.54-24.97 25.95-45.75 10.17-10.35 14.14-25.44 10.42-39.58-7.47-28.38-7.48-24.42 0-52.83 3.72-14.14-.25-29.23-10.42-39.58-20.41-20.78-18.47-17.36-25.95-45.75-3.72-14.14-14.58-25.19-28.47-28.98-27.88-7.61-24.52-5.62-44.95-26.41-10.17-10.35-25-14.4-38.89-10.61-27.87 7.6-23.98 7.61-51.9 0-13.89-3.79-28.72.25-38.89 10.61-20.41 20.78-17.05 18.8-44.94 26.41-13.89 3.79-24.75 14.84-28.47 28.98-7.47 28.39-5.54 24.97-25.95 45.75-10.17 10.35-14.15 25.44-10.42 39.58 7.47 28.36 7.48 24.4 0 52.82-3.72 14.14.25 29.23 10.42 39.59 20.41 20.78 18.47 17.35 25.95 45.75 3.72 14.14 14.58 25.19 28.47 28.98C104.6 325.96 106.27 325 121 340c13.23 13.47 33.84 15.88 49.74 5.82a39.676 39.676 0 0 1 42.53 0c15.89 10.06 36.5 7.65 49.73-5.82zM97.66 175.96c0-53.03 42.24-96.02 94.34-96.02s94.34 42.99 94.34 96.02-42.24 96.02-94.34 96.02-94.34-42.99-94.34-96.02z\"><\/path><\/svg>\t\t\t\t\t<\/span>\n\t\t\t\t<\/div>\n\t\t\t\t\t\t\t\t<div class=\"elementor-icon-box-content\">\n\t\t\t\t\t\t\t\t\t\t\t<span class=\"elementor-icon-box-title\"><span >Development<\/span>\n\t\t\t\t\t\t<\/span>\n\t\t\t\t\t\t\t\t\t\t<p class=\"elementor-icon-box-description\">The development of the professional skills, personal and business.<\/p>\n\t\t\t\t\t\t\t\t\t\t\t\t\t\t<\/div>\n\t\t\t<\/div>\n\t\t\t\t\t\t<\/div>\n\t\t\t\t<\/div>\n\t\t\t\t<div class=\"elementor-element elementor-element-9eaa2d8 elementor-view-custom elementor-shape-circle elementor-position-top elementor-mobile-position-top elementor-vertical-align-top elementor-widget elementor-widget-litho-icon-box\" data-id=\"9eaa2d8\" data-element_type=\"widget\" data-widget_type=\"litho-icon-box.default\">\n\t\t\t\t<div class=\"elementor-widget-container\">\n\t\t\t\t\t\t\t\t<div class=\"elementor-icon-box-wrapper litho-icon-box-wrapper\">\n\t\t\t\t\t\t\t\t<div class=\"elementor-icon-box-icon\">\t\t\t\t\t<span class=\"elementor-icon elementor-animation-\" >\n\t\t\t\t\t\t<svg aria-hidden=\"true\" class=\"e-font-icon-svg e-fas-gavel\" viewbox=\"0 0 512 512\" xmlns=\"http:\/\/www.w3.org\/2000\/svg\"><path d=\"M504.971 199.362l-22.627-22.627c-9.373-9.373-24.569-9.373-33.941 0l-5.657 5.657L329.608 69.255l5.657-5.657c9.373-9.373 9.373-24.569 0-33.941L312.638 7.029c-9.373-9.373-24.569-9.373-33.941 0L154.246 131.48c-9.373 9.373-9.373 24.569 0 33.941l22.627 22.627c9.373 9.373 24.569 9.373 33.941 0l5.657-5.657 39.598 39.598-81.04 81.04-5.657-5.657c-12.497-12.497-32.758-12.497-45.255 0L9.373 412.118c-12.497 12.497-12.497 32.758 0 45.255l45.255 45.255c12.497 12.497 32.758 12.497 45.255 0l114.745-114.745c12.497-12.497 12.497-32.758 0-45.255l-5.657-5.657 81.04-81.04 39.598 39.598-5.657 5.657c-9.373 9.373-9.373 24.569 0 33.941l22.627 22.627c9.373 9.373 24.569 9.373 33.941 0l124.451-124.451c9.372-9.372 9.372-24.568 0-33.941z\"><\/path><\/svg>\t\t\t\t\t<\/span>\n\t\t\t\t<\/div>\n\t\t\t\t\t\t\t\t<div class=\"elementor-icon-box-content\">\n\t\t\t\t\t\t\t\t\t\t\t<span class=\"elementor-icon-box-title\"><span >Attendance<\/span>\n\t\t\t\t\t\t<\/span>\n\t\t\t\t\t\t\t\t\t\t<p class=\"elementor-icon-box-description\">Participation in the preparation of legislative initiatives in the field.<\/p>\n\t\t\t\t\t\t\t\t\t\t\t\t\t\t<\/div>\n\t\t\t<\/div>\n\t\t\t\t\t\t<\/div>\n\t\t\t\t<\/div>\n\t\t\t\t\t<\/div>\n\t\t\t\t<\/div>\n\t\t\t\t<\/div>","protected":false},"excerpt":{"rendered":"<p>Beneficii Comunitatea noastr\u0103 are peste 70 membre din diferite domenii. Uite doar c\u00e2teva dintre avantajele de a fi membr\u0103: Evenimente Rela\u021bii noi, parteneriate \u0219i promovare \u00een r\u00e2ndul membrelor. Rela\u021bii Rela\u021bii [&hellip;]<\/p>","protected":false},"author":1,"featured_media":0,"parent":0,"menu_order":0,"comment_status":"closed","ping_status":"closed","template":"","meta":{"_EventAllDay":false,"_EventTimezone":"","_EventStartDate":"","_EventEndDate":"","_EventStartDateUTC":"","_EventEndDateUTC":"","_EventShowMap":false,"_EventShowMapLink":false,"_EventURL":"","_EventCost":"","_EventCostDescription":"","_EventCurrencySymbol":"","_EventCurrencyCode":"","_EventCurrencyPosition":"","_EventDateTimeSeparator":"","_EventTimeRangeSeparator":"","_EventOrganizerID":[],"_EventVenueID":[],"_OrganizerEmail":"","_OrganizerPhone":"","_OrganizerWebsite":"","_VenueAddress":"","_VenueCity":"","_VenueCountry":"","_VenueProvince":"","_VenueState":"","_VenueZip":"","_VenuePhone":"","_VenueURL":"","_VenueStateProvince":"","_VenueLat":"","_VenueLng":"","_VenueShowMap":false,"_VenueShowMapLink":false,"footnotes":""},"class_list":["post-84832","page","type-page","status-publish","hentry"],"yoast_head":"<!-- This site is optimized with the Yoast SEO Premium plugin v23.8 (Yoast SEO v25.1) - https:\/\/yoast.com\/wordpress\/plugins\/seo\/ -->\n<title>Beneficii - AFAM MD<\/title>\n<meta name=\"robots\" content=\"index, follow, max-snippet:-1, max-image-preview:large, max-video-preview:-1\" \/>\n<link rel=\"canonical\" href=\"https:\/\/afam.md\/en\/beneficii\/\" \/>\n<meta property=\"og:locale\" content=\"en_US\" \/>\n<meta property=\"og:type\" content=\"article\" \/>\n<meta property=\"og:title\" content=\"Beneficii\" \/>\n<meta property=\"og:description\" content=\"Beneficii Comunitatea noastr\u0103 are peste 70 membre din diferite domenii. Uite doar c\u00e2teva dintre avantajele de a fi membr\u0103: Evenimente Rela\u021bii noi, parteneriate \u0219i promovare \u00een r\u00e2ndul membrelor. Rela\u021bii Rela\u021bii [&hellip;]\" \/>\n<meta property=\"og:url\" content=\"https:\/\/afam.md\/en\/beneficii\/\" \/>\n<meta property=\"og:site_name\" content=\"AFAM MD\" \/>\n<meta property=\"article:publisher\" content=\"https:\/\/www.facebook.com\/AFAMMoldova\/\" \/>\n<meta property=\"article:modified_time\" content=\"2024-10-04T17:41:45+00:00\" \/>\n<meta name=\"twitter:card\" content=\"summary_large_image\" \/>\n<script type=\"application\/ld+json\" class=\"yoast-schema-graph\">{\"@context\":\"https:\/\/schema.org\",\"@graph\":[{\"@type\":\"WebPage\",\"@id\":\"https:\/\/afam.md\/beneficii\/\",\"url\":\"https:\/\/afam.md\/beneficii\/\",\"name\":\"Beneficii - AFAM MD\",\"isPartOf\":{\"@id\":\"https:\/\/afam.md\/en\/#website\"},\"datePublished\":\"2024-09-18T09:32:07+00:00\",\"dateModified\":\"2024-10-04T17:41:45+00:00\",\"breadcrumb\":{\"@id\":\"https:\/\/afam.md\/beneficii\/#breadcrumb\"},\"inLanguage\":\"en-US\",\"potentialAction\":[{\"@type\":\"ReadAction\",\"target\":[\"https:\/\/afam.md\/beneficii\/\"]}]},{\"@type\":\"BreadcrumbList\",\"@id\":\"https:\/\/afam.md\/beneficii\/#breadcrumb\",\"itemListElement\":[{\"@type\":\"ListItem\",\"position\":1,\"name\":\"\u0413\u043b\u0430\u0432\u043d\u0430\u044f\",\"item\":\"https:\/\/afam.md\/\"},{\"@type\":\"ListItem\",\"position\":2,\"name\":\"Beneficii\"}]},{\"@type\":\"WebSite\",\"@id\":\"https:\/\/afam.md\/en\/#website\",\"url\":\"https:\/\/afam.md\/en\/\",\"name\":\"AFAM MD\",\"description\":\"Asocia\u021bia Femeilor Antreprenoare Din Moldova\",\"publisher\":{\"@id\":\"https:\/\/afam.md\/en\/#organization\"},\"potentialAction\":[{\"@type\":\"SearchAction\",\"target\":{\"@type\":\"EntryPoint\",\"urlTemplate\":\"https:\/\/afam.md\/en\/?s={search_term_string}\"},\"query-input\":{\"@type\":\"PropertyValueSpecification\",\"valueRequired\":true,\"valueName\":\"search_term_string\"}}],\"inLanguage\":\"en-US\"},{\"@type\":\"Organization\",\"@id\":\"https:\/\/afam.md\/en\/#organization\",\"name\":\"Asocia\u021bia Femeilor Antreprenoare Din Moldova\",\"alternateName\":\"AFAM\",\"url\":\"https:\/\/afam.md\/en\/\",\"logo\":{\"@type\":\"ImageObject\",\"inLanguage\":\"en-US\",\"@id\":\"https:\/\/afam.md\/en\/#\/schema\/logo\/image\/\",\"url\":\"https:\/\/afam.md\/wp-content\/uploads\/2024\/11\/logo-blue.svg\",\"contentUrl\":\"https:\/\/afam.md\/wp-content\/uploads\/2024\/11\/logo-blue.svg\",\"width\":1874,\"height\":650,\"caption\":\"Asocia\u021bia Femeilor Antreprenoare Din Moldova\"},\"image\":{\"@id\":\"https:\/\/afam.md\/en\/#\/schema\/logo\/image\/\"},\"sameAs\":[\"https:\/\/www.facebook.com\/AFAMMoldova\/\",\"https:\/\/www.instagram.com\/afammoldova\/?hl=en\",\"https:\/\/md.linkedin.com\/in\/afam-moldova-285159174\"],\"email\":\"afammoldova@gmail.com\",\"telephone\":\"(+373) 76 767 670\",\"legalName\":\"Asocia\u021bia Femeilor Antreprenoare Din Moldova\",\"numberOfEmployees\":{\"@type\":\"QuantitativeValue\",\"minValue\":\"51\",\"maxValue\":\"200\"}}]}<\/script>\n<!-- \/ Yoast SEO Premium plugin. -->","yoast_head_json":{"title":"Beneficii - AFAM MD","robots":{"index":"index","follow":"follow","max-snippet":"max-snippet:-1","max-image-preview":"max-image-preview:large","max-video-preview":"max-video-preview:-1"},"canonical":"https:\/\/afam.md\/en\/beneficii\/","og_locale":"en_US","og_type":"article","og_title":"Beneficii","og_description":"Beneficii Comunitatea noastr\u0103 are peste 70 membre din diferite domenii. Uite doar c\u00e2teva dintre avantajele de a fi membr\u0103: Evenimente Rela\u021bii noi, parteneriate \u0219i promovare \u00een r\u00e2ndul membrelor. Rela\u021bii Rela\u021bii [&hellip;]","og_url":"https:\/\/afam.md\/en\/beneficii\/","og_site_name":"AFAM MD","article_publisher":"https:\/\/www.facebook.com\/AFAMMoldova\/","article_modified_time":"2024-10-04T17:41:45+00:00","twitter_card":"summary_large_image","schema":{"@context":"https:\/\/schema.org","@graph":[{"@type":"WebPage","@id":"https:\/\/afam.md\/beneficii\/","url":"https:\/\/afam.md\/beneficii\/","name":"Beneficii - AFAM MD","isPartOf":{"@id":"https:\/\/afam.md\/en\/#website"},"datePublished":"2024-09-18T09:32:07+00:00","dateModified":"2024-10-04T17:41:45+00:00","breadcrumb":{"@id":"https:\/\/afam.md\/beneficii\/#breadcrumb"},"inLanguage":"en-US","potentialAction":[{"@type":"ReadAction","target":["https:\/\/afam.md\/beneficii\/"]}]},{"@type":"BreadcrumbList","@id":"https:\/\/afam.md\/beneficii\/#breadcrumb","itemListElement":[{"@type":"ListItem","position":1,"name":"\u0413\u043b\u0430\u0432\u043d\u0430\u044f","item":"https:\/\/afam.md\/"},{"@type":"ListItem","position":2,"name":"Beneficii"}]},{"@type":"WebSite","@id":"https:\/\/afam.md\/en\/#website","url":"https:\/\/afam.md\/en\/","name":"AFAM MD","description":"Asocia\u021bia Femeilor Antreprenoare Din Moldova","publisher":{"@id":"https:\/\/afam.md\/en\/#organization"},"potentialAction":[{"@type":"SearchAction","target":{"@type":"EntryPoint","urlTemplate":"https:\/\/afam.md\/en\/?s={search_term_string}"},"query-input":{"@type":"PropertyValueSpecification","valueRequired":true,"valueName":"search_term_string"}}],"inLanguage":"en-US"},{"@type":"Organization","@id":"https:\/\/afam.md\/en\/#organization","name":"Asocia\u021bia Femeilor Antreprenoare Din Moldova","alternateName":"AFAM","url":"https:\/\/afam.md\/en\/","logo":{"@type":"ImageObject","inLanguage":"en-US","@id":"https:\/\/afam.md\/en\/#\/schema\/logo\/image\/","url":"https:\/\/afam.md\/wp-content\/uploads\/2024\/11\/logo-blue.svg","contentUrl":"https:\/\/afam.md\/wp-content\/uploads\/2024\/11\/logo-blue.svg","width":1874,"height":650,"caption":"Asocia\u021bia Femeilor Antreprenoare Din Moldova"},"image":{"@id":"https:\/\/afam.md\/en\/#\/schema\/logo\/image\/"},"sameAs":["https:\/\/www.facebook.com\/AFAMMoldova\/","https:\/\/www.instagram.com\/afammoldova\/?hl=en","https:\/\/md.linkedin.com\/in\/afam-moldova-285159174"],"email":"afammoldova@gmail.com","telephone":"(+373) 76 767 670","legalName":"Asocia\u021bia Femeilor Antreprenoare Din Moldova","numberOfEmployees":{"@type":"QuantitativeValue","minValue":"51","maxValue":"200"}}]}},"_links":{"self":[{"href":"https:\/\/afam.md\/en\/wp-json\/wp\/v2\/pages\/84832","targetHints":{"allow":["GET"]}}],"collection":[{"href":"https:\/\/afam.md\/en\/wp-json\/wp\/v2\/pages"}],"about":[{"href":"https:\/\/afam.md\/en\/wp-json\/wp\/v2\/types\/page"}],"author":[{"embeddable":true,"href":"https:\/\/afam.md\/en\/wp-json\/wp\/v2\/users\/1"}],"replies":[{"embeddable":true,"href":"https:\/\/afam.md\/en\/wp-json\/wp\/v2\/comments?post=84832"}],"version-history":[{"count":0,"href":"https:\/\/afam.md\/en\/wp-json\/wp\/v2\/pages\/84832\/revisions"}],"wp:attachment":[{"href":"https:\/\/afam.md\/en\/wp-json\/wp\/v2\/media?parent=84832"}],"curies":[{"name":"wp","href":"https:\/\/api.w.org\/{rel}","templated":true}]}}